{"id":700,"date":"2025-10-29T19:28:48","date_gmt":"2025-10-29T19:28:48","guid":{"rendered":"https:\/\/marvelstone.cat\/contacte\/"},"modified":"2025-11-07T16:21:46","modified_gmt":"2025-11-07T16:21:46","slug":"contacte","status":"publish","type":"page","link":"https:\/\/marvelstone.cat\/ca\/contacte\/","title":{"rendered":"Contacte"},"content":{"rendered":"\t\t<div data-elementor-type=\"wp-page\" data-elementor-id=\"700\" class=\"elementor elementor-700 elementor-394\" data-elementor-post-type=\"page\">\n\t\t\t\t\t\t<section class=\"elementor-section elementor-top-section elementor-element elementor-element-18fed68 elementor-section-boxed elementor-section-height-default elementor-section-height-default\" data-id=\"18fed68\" data-element_type=\"section\">\n\t\t\t\t\t\t<div class=\"elementor-container elementor-column-gap-no\">\n\t\t\t\t\t<div class=\"elementor-column elementor-col-50 elementor-top-column elementor-element elementor-element-158f026\" data-id=\"158f026\" data-element_type=\"column\">\n\t\t\t<div class=\"elementor-widget-wrap elementor-element-populated\">\n\t\t\t\t\t\t<div class=\"elementor-element elementor-element-f7ebebf elementor-widget elementor-widget-heading\" data-id=\"f7ebebf\" data-element_type=\"widget\" data-widget_type=\"heading.default\">\n\t\t\t\t\t<h2 class=\"elementor-heading-title elementor-size-default\">Contacte<\/h2>\t\t\t\t<\/div>\n\t\t\t\t<div class=\"elementor-element elementor-element-d12d546 elementor-widget elementor-widget-text-editor\" data-id=\"d12d546\" data-element_type=\"widget\" data-widget_type=\"text-editor.default\">\n\t\t\t\t\t\t\t\t\t<p>Contacta amb nosaltres si tens qualsevol pregunta o consulta.<\/p>\t\t\t\t\t\t\t\t<\/div>\n\t\t\t\t<div class=\"elementor-element elementor-element-c0fb52b elementor-button-align-start elementor-widget elementor-widget-form\" data-id=\"c0fb52b\" data-element_type=\"widget\" data-settings=\"{&quot;step_next_label&quot;:&quot;Next&quot;,&quot;step_previous_label&quot;:&quot;Previous&quot;,&quot;button_width&quot;:&quot;100&quot;,&quot;step_type&quot;:&quot;number_text&quot;,&quot;step_icon_shape&quot;:&quot;circle&quot;}\" data-widget_type=\"form.default\">\n\t\t\t\t\t\t\t<form class=\"elementor-form\" method=\"post\" name=\"Formulari Contacte\" aria-label=\"Formulari Contacte\">\n\t\t\t<input type=\"hidden\" name=\"post_id\" value=\"700\"\/>\n\t\t\t<input type=\"hidden\" name=\"form_id\" value=\"c0fb52b\"\/>\n\t\t\t<input type=\"hidden\" name=\"referer_title\" value=\"Contacte\" \/>\n\n\t\t\t\t\t\t\t<input type=\"hidden\" name=\"queried_id\" value=\"700\"\/>\n\t\t\t\n\t\t\t<div class=\"elementor-form-fields-wrapper elementor-labels-above\">\n\t\t\t\t\t\t\t\t<div class=\"elementor-field-type-text elementor-field-group elementor-column elementor-field-group-name elementor-col-100\">\n\t\t\t\t\t\t\t\t\t\t\t\t<label for=\"form-field-name\" class=\"elementor-field-label\">\n\t\t\t\t\t\t\t\tNom\t\t\t\t\t\t\t<\/label>\n\t\t\t\t\t\t\t\t\t\t\t\t\t\t<input size=\"1\" type=\"text\" name=\"form_fields[name]\" id=\"form-field-name\" class=\"elementor-field elementor-size-md  elementor-field-textual\" placeholder=\"El teu nom\">\n\t\t\t\t\t\t\t\t\t\t\t<\/div>\n\t\t\t\t\t\t\t\t<div class=\"elementor-field-type-email elementor-field-group elementor-column elementor-field-group-email elementor-col-100 elementor-field-required\">\n\t\t\t\t\t\t\t\t\t\t\t\t<label for=\"form-field-email\" class=\"elementor-field-label\">\n\t\t\t\t\t\t\t\tEmail\t\t\t\t\t\t\t<\/label>\n\t\t\t\t\t\t\t\t\t\t\t\t\t\t<input size=\"1\" type=\"email\" name=\"form_fields[email]\" id=\"form-field-email\" class=\"elementor-field elementor-size-md  elementor-field-textual\" placeholder=\"El teu correu\" required=\"required\">\n\t\t\t\t\t\t\t\t\t\t\t<\/div>\n\t\t\t\t\t\t\t\t<div class=\"elementor-field-type-textarea elementor-field-group elementor-column elementor-field-group-message elementor-col-100\">\n\t\t\t\t\t\t\t\t\t\t\t\t<label for=\"form-field-message\" class=\"elementor-field-label\">\n\t\t\t\t\t\t\t\tMissatge\t\t\t\t\t\t\t<\/label>\n\t\t\t\t\t\t<textarea class=\"elementor-field-textual elementor-field  elementor-size-md\" name=\"form_fields[message]\" id=\"form-field-message\" rows=\"5\"><\/textarea>\t\t\t\t<\/div>\n\t\t\t\t\t\t\t\t<div class=\"elementor-field-type-acceptance elementor-field-group elementor-column elementor-field-group-field_c2d014d elementor-col-100 elementor-field-required\">\n\t\t\t\t\t\t\t<div class=\"elementor-field-subgroup\">\n\t\t\t<span class=\"elementor-field-option\">\n\t\t\t\t<input type=\"checkbox\" name=\"form_fields[field_c2d014d]\" id=\"form-field-field_c2d014d\" class=\"elementor-field elementor-size-md  elementor-acceptance-field\" required=\"required\">\n\t\t\t\t<label for=\"form-field-field_c2d014d\">He llegit i acceptat la <a href=\"\/ca\/politica-privadesa\/\" target=\"_blank\" rel=\"noopener noreferrer\">pol\u00edtica de privadesa<\/a>.<\/label>\t\t\t<\/span>\n\t\t<\/div>\n\t\t\t\t\t\t<\/div>\n\t\t\t\t\t\t\t\t<div class=\"elementor-field-type-acceptance elementor-field-group elementor-column elementor-field-group-field_fce0342 elementor-col-100 elementor-field-required\">\n\t\t\t\t\t\t\t<div class=\"elementor-field-subgroup\">\n\t\t\t<span class=\"elementor-field-option\">\n\t\t\t\t<input type=\"checkbox\" name=\"form_fields[field_fce0342]\" id=\"form-field-field_fce0342\" class=\"elementor-field elementor-size-md  elementor-acceptance-field\" required=\"required\">\n\t\t\t\t<label for=\"form-field-field_fce0342\">Autoritzo l'enviament d'informaci\u00f3 comercial i del butllet\u00ed de not\u00edcies.<\/label>\t\t\t<\/span>\n\t\t<\/div>\n\t\t\t\t\t\t<\/div>\n\t\t\t\t\t\t\t\t<div class=\"elementor-field-type-html elementor-field-group elementor-column elementor-field-group-field_f3cef57 elementor-col-100\">\n\t\t\t\t\t<style>\n    .gdpr-content {\n        font-size: 12px;\n        line-height: 1.6;\n        color: #333;\n        padding-left: 3%;\n    }\n\n    .gdpr-title {\n        font-weight: bold;\n        margin-bottom: 15px;\n        text-decoration: underline;\n    }\n\n    .gdpr-content a {\n        color: #0066cc;\n        text-decoration: none;\n    }\n\n    .gdpr-content a:hover {\n        text-decoration: underline;\n    }\n\n    @media (max-width: 768px) {\n        .gdpr-content {\n            font-size: 10px;\n            padding-left: 5%;\n        }\n    }\n<\/style>\n\n<div class=\"gdpr-content\">\n    <div class=\"gdpr-title\">INFORMACI\u00d3 B\u00c0SICA SOBRE PROTECCI\u00d3 DE DADES<\/div>\n    <p>\n        <strong>Responsable del tractament:<\/strong> MARVELSTONE, S.L. \n        <strong>Finalitat del tractament:<\/strong> Mantenir una relaci\u00f3 amb l\u2019Usuari i, si ens autoritza, l\u2019enviament de newsletters, comunicacions comercials i promocions. \n        <strong>Legitimaci\u00f3 del tractament:<\/strong> Inter\u00e8s leg\u00edtim i consentiment de la persona interessada. \n        <strong>Conservaci\u00f3 de les dades:<\/strong> Es conservaran durant el temps que existeixi un inter\u00e8s mutu o durant el temps necessari per al compliment d\u2019obligacions legals. \n        <strong>Destinataris:<\/strong> Prove\u00efdors de serveis o col\u00b7laboradors. \n        <strong>Drets:<\/strong> Dret a retirar el consentiment en qualsevol moment. Dret d\u2019acc\u00e9s, rectificaci\u00f3, portabilitat i supressi\u00f3 de les seves dades, aix\u00ed com la limitaci\u00f3 o oposici\u00f3 al seu tractament. \n        <strong>Dades de contacte per exercir els seus drets:<\/strong> <a href=\"mailto:marvelstonesl@gmail.com\">marvelstonesl@gmail.com<\/a> \n        <strong>Informaci\u00f3 addicional:<\/strong> Pot trobar m\u00e9s informaci\u00f3 a la nostra Pol\u00edtica de Privadesa.\n    <\/p>\n<\/div>\n\n    \t\t\t\t<\/div>\n\t\t\t\t\t\t\t\t<div class=\"elementor-field-type-recaptcha_v3 elementor-field-group elementor-column elementor-field-group-field_afb98f9 elementor-col-100 recaptcha_v3-inline\">\n\t\t\t\t\t<div class=\"elementor-field\" id=\"form-field-field_afb98f9\"><div class=\"elementor-g-recaptcha\" data-sitekey=\"6Lf9ugMsAAAAABWwk9VRV3XWs7M5SZ_ulhtDacun\" data-type=\"v3\" data-action=\"Form\" data-badge=\"inline\" data-size=\"invisible\"><\/div><\/div>\t\t\t\t<\/div>\n\t\t\t\t\t\t\t\t<div class=\"elementor-field-group elementor-column elementor-field-type-submit elementor-col-100 e-form__buttons\">\n\t\t\t\t\t<button class=\"elementor-button elementor-size-sm\" type=\"submit\">\n\t\t\t\t\t\t<span class=\"elementor-button-content-wrapper\">\n\t\t\t\t\t\t\t\t\t\t\t\t\t\t\t<span class=\"elementor-button-icon\">\n\t\t\t\t\t\t\t\t\t<svg xmlns=\"http:\/\/www.w3.org\/2000\/svg\" width=\"20\" height=\"20\" viewBox=\"0 0 20 20\" fill=\"none\"><g clip-path=\"url(#clip0_68_11)\"><path d=\"M20 0H0V20H20V0Z\" fill=\"white\" fill-opacity=\"0.01\"><\/path><path d=\"M7.91667 4.58333H15.4167V12.0833\" stroke=\"currentColor\" stroke-width=\"1.66667\" stroke-linecap=\"round\" stroke-linejoin=\"round\"><\/path><path d=\"M4.81004 15.19L15.4166 4.58333\" stroke=\"currentColor\" stroke-width=\"1.66667\" stroke-linecap=\"round\" stroke-linejoin=\"round\"><\/path><\/g><defs><clipPath id=\"clip0_68_11\"><rect width=\"20\" height=\"20\" fill=\"white\"><\/rect><\/clipPath><\/defs><\/svg>\t\t\t\t\t\t\t\t\t\t\t\t\t\t\t\t\t<\/span>\n\t\t\t\t\t\t\t\t\t\t\t\t\t\t\t\t\t\t\t\t\t\t<span class=\"elementor-button-text\">Enviar missatge<\/span>\n\t\t\t\t\t\t\t\t\t\t\t\t\t<\/span>\n\t\t\t\t\t<\/button>\n\t\t\t\t<\/div>\n\t\t\t<\/div>\n\t\t<\/form>\n\t\t\t\t\t\t<\/div>\n\t\t\t\t\t<\/div>\n\t\t<\/div>\n\t\t\t\t<div class=\"elementor-column elementor-col-50 elementor-top-column elementor-element elementor-element-47675da\" data-id=\"47675da\" data-element_type=\"column\">\n\t\t\t<div class=\"elementor-widget-wrap elementor-element-populated\">\n\t\t\t\t\t\t<section class=\"elementor-section elementor-inner-section elementor-element elementor-element-c4d18db elementor-section-boxed elementor-section-height-default elementor-section-height-default\" data-id=\"c4d18db\" data-element_type=\"section\">\n\t\t\t\t\t\t<div class=\"elementor-container elementor-column-gap-no\">\n\t\t\t\t\t<div class=\"elementor-column elementor-col-50 elementor-inner-column elementor-element elementor-element-d60474e\" data-id=\"d60474e\" data-element_type=\"column\">\n\t\t\t<div class=\"elementor-widget-wrap elementor-element-populated\">\n\t\t\t\t\t\t<div class=\"elementor-element elementor-element-66a8e45 elementor-widget elementor-widget-image\" data-id=\"66a8e45\" data-element_type=\"widget\" data-widget_type=\"image.default\">\n\t\t\t\t\t\t\t\t\t\t\t\t\t\t\t<img decoding=\"async\" width=\"141\" height=\"160\" src=\"https:\/\/marvelstone.cat\/wp-content\/uploads\/2025\/10\/logo-footer-contacto.svg\" class=\"attachment-full size-full wp-image-647\" alt=\"\" \/>\t\t\t\t\t\t\t\t\t\t\t\t\t\t\t<\/div>\n\t\t\t\t<div class=\"elementor-element elementor-element-d4cff2c elementor-widget-divider--view-line elementor-widget elementor-widget-divider\" data-id=\"d4cff2c\" data-element_type=\"widget\" data-widget_type=\"divider.default\">\n\t\t\t\t\t\t\t<div class=\"elementor-divider\">\n\t\t\t<span class=\"elementor-divider-separator\">\n\t\t\t\t\t\t<\/span>\n\t\t<\/div>\n\t\t\t\t\t\t<\/div>\n\t\t\t\t<div class=\"elementor-element elementor-element-379a7f0 elementor-widget elementor-widget-text-editor\" data-id=\"379a7f0\" data-element_type=\"widget\" data-widget_type=\"text-editor.default\">\n\t\t\t\t\t\t\t\t\t<p>Direcci\u00f3 (Balaguer)<\/p>\t\t\t\t\t\t\t\t<\/div>\n\t\t\t\t<div class=\"elementor-element elementor-element-f590a02 elementor-widget elementor-widget-text-editor\" data-id=\"f590a02\" data-element_type=\"widget\" data-widget_type=\"text-editor.default\">\n\t\t\t\t\t\t\t\t\t<p>Carrer Vent Ser\u00e9, 23<br>(Pol. Campllong)<br>25600 &#8211; Balaguer, Lleida<\/p>\t\t\t\t\t\t\t\t<\/div>\n\t\t\t\t<div class=\"elementor-element elementor-element-69b2015 elementor-widget-divider--view-line elementor-widget elementor-widget-divider\" data-id=\"69b2015\" data-element_type=\"widget\" data-widget_type=\"divider.default\">\n\t\t\t\t\t\t\t<div class=\"elementor-divider\">\n\t\t\t<span class=\"elementor-divider-separator\">\n\t\t\t\t\t\t<\/span>\n\t\t<\/div>\n\t\t\t\t\t\t<\/div>\n\t\t\t\t<div class=\"elementor-element elementor-element-8df0102 elementor-widget elementor-widget-text-editor\" data-id=\"8df0102\" data-element_type=\"widget\" data-widget_type=\"text-editor.default\">\n\t\t\t\t\t\t\t\t\t<p>Tel\u00e8fon:<\/p>\t\t\t\t\t\t\t\t<\/div>\n\t\t\t\t<div class=\"elementor-element elementor-element-83acbcc elementor-widget elementor-widget-text-editor\" data-id=\"83acbcc\" data-element_type=\"widget\" data-widget_type=\"text-editor.default\">\n\t\t\t\t\t\t\t\t\t<p>(+34) 624 16 24 17<br>(+34) 973 65 07 09<\/p>\t\t\t\t\t\t\t\t<\/div>\n\t\t\t\t<div class=\"elementor-element elementor-element-1e91242 elementor-widget__width-auto elementor-view-default elementor-position-top elementor-mobile-position-top elementor-widget elementor-widget-icon-box\" data-id=\"1e91242\" data-element_type=\"widget\" data-widget_type=\"icon-box.default\">\n\t\t\t\t\t\t\t<div class=\"elementor-icon-box-wrapper\">\n\n\t\t\t\t\t\t<div class=\"elementor-icon-box-icon\">\n\t\t\t\t<a href=\"https:\/\/wa.me\/34624162417\" target=\"_blank\" class=\"elementor-icon\" tabindex=\"-1\" aria-label=\"Whatsapp\">\n\t\t\t\t<svg xmlns=\"http:\/\/www.w3.org\/2000\/svg\" width=\"40\" height=\"40\" viewBox=\"0 0 40 40\" fill=\"none\"><rect width=\"40\" height=\"40\" rx=\"20\" fill=\"#EBE8E8\"><\/rect><path d=\"M24.0848 21.3875C23.8553 21.2735 22.7558 20.7035 22.5504 20.6148C22.345 20.5261 22.2 20.5008 22.043 20.7415C21.8859 20.9821 21.463 21.5015 21.3301 21.6661C21.1972 21.8308 21.0764 21.8434 20.8468 21.6661C20.1872 21.3875 19.5782 20.9948 19.0466 20.5008C18.5658 20.0245 18.1574 19.4748 17.8384 18.8668C17.7055 18.6388 17.8384 18.5122 17.9351 18.3855C18.0317 18.2588 18.1526 18.1195 18.2734 17.9802C18.3628 17.8586 18.4353 17.7268 18.4908 17.5875C18.5513 17.4558 18.5513 17.3013 18.4908 17.1695C18.4908 17.0555 17.9834 15.9029 17.7901 15.4342C17.5968 14.9656 17.4276 15.0289 17.2947 15.0289H16.8114C16.5819 15.039 16.3644 15.1429 16.2073 15.3202C15.6975 15.8319 15.4124 16.5438 15.422 17.2835C15.4848 18.1828 15.799 19.0416 16.3282 19.7535C17.2996 21.2659 18.6262 22.4869 20.1823 23.3001C20.7139 23.5408 21.1247 23.6801 21.4509 23.7941C21.9101 23.9385 22.3933 23.9689 22.8645 23.8827C23.4976 23.7485 24.0486 23.3457 24.3869 22.7681C24.527 22.416 24.5729 22.0309 24.5198 21.6535C24.4594 21.5648 24.3144 21.5015 24.0848 21.3875ZM26.3442 12.7616C24.6551 10.9756 22.3523 9.98004 19.9528 10.0003C14.9895 10.0282 10.9855 14.2689 11.0121 19.4723C11.0193 21.1037 11.4325 22.7073 12.2082 24.1234L11 29L15.7603 27.7334C17.0773 28.4832 18.5513 28.8759 20.0494 28.8733H19.9528C24.9161 28.9063 28.9684 24.7162 28.9998 19.5103C29.0167 16.977 28.0574 14.545 26.3442 12.7616ZM19.9528 27.252C18.6117 27.252 17.2971 26.872 16.1469 26.15L15.8811 25.9854L13.0539 26.758L13.803 23.8701L13.6339 23.5788C11.4591 19.9055 12.5344 15.0796 16.0382 12.7996C18.9741 10.8895 22.7775 11.3379 25.2326 13.8889C26.639 15.3532 27.4267 17.3469 27.4195 19.4242C27.4122 23.7434 24.0727 27.2444 19.9528 27.252Z\" fill=\"#424242\"><\/path><\/svg>\t\t\t\t<\/a>\n\t\t\t<\/div>\n\t\t\t\n\t\t\t\t\t\t<div class=\"elementor-icon-box-content\">\n\n\t\t\t\t\t\t\t\t\t<h3 class=\"elementor-icon-box-title\">\n\t\t\t\t\t\t<a href=\"https:\/\/wa.me\/34624162417\" target=\"_blank\" >\n\t\t\t\t\t\t\tWhatsapp\t\t\t\t\t\t<\/a>\n\t\t\t\t\t<\/h3>\n\t\t\t\t\n\t\t\t\t\n\t\t\t<\/div>\n\t\t\t\n\t\t<\/div>\n\t\t\t\t\t\t<\/div>\n\t\t\t\t<div class=\"elementor-element elementor-element-38967f4 elementor-widget__width-auto elementor-view-default elementor-position-top elementor-mobile-position-top elementor-widget elementor-widget-icon-box\" data-id=\"38967f4\" data-element_type=\"widget\" data-widget_type=\"icon-box.default\">\n\t\t\t\t\t\t\t<div class=\"elementor-icon-box-wrapper\">\n\n\t\t\t\t\t\t<div class=\"elementor-icon-box-icon\">\n\t\t\t\t<a href=\"https:\/\/www.instagram.com\/marvelstone_sl\/.\" target=\"_blank\" class=\"elementor-icon\" tabindex=\"-1\" aria-label=\"Instagram\">\n\t\t\t\t<svg xmlns=\"http:\/\/www.w3.org\/2000\/svg\" width=\"40\" height=\"40\" viewBox=\"0 0 40 40\" fill=\"none\"><rect width=\"40\" height=\"40\" rx=\"20\" fill=\"#EBE8E8\"><\/rect><g clip-path=\"url(#clip0_69_28)\"><path fill-rule=\"evenodd\" clip-rule=\"evenodd\" d=\"M20 16.25C17.9289 16.25 16.25 17.9289 16.25 20C16.25 22.0711 17.9289 23.75 20 23.75C22.0711 23.75 23.75 22.0711 23.75 20C23.7478 17.9298 22.0702 16.2522 20 16.25V16.25ZM20 22.5C18.6193 22.5 17.5 21.3807 17.5 20C17.5 18.6193 18.6193 17.5 20 17.5C21.3807 17.5 22.5 18.6193 22.5 20C22.5 21.3807 21.3807 22.5 20 22.5V22.5ZM23.75 11.875H16.25C13.8348 11.8776 11.8776 13.8348 11.875 16.25V23.75C11.8776 26.1652 13.8348 28.1224 16.25 28.125H23.75C26.1652 28.1224 28.1224 26.1652 28.125 23.75V16.25C28.1224 13.8348 26.1652 11.8776 23.75 11.875V11.875ZM26.875 23.75C26.875 25.4759 25.4759 26.875 23.75 26.875H16.25C14.5241 26.875 13.125 25.4759 13.125 23.75V16.25C13.125 14.5241 14.5241 13.125 16.25 13.125H23.75C25.4759 13.125 26.875 14.5241 26.875 16.25V23.75ZM25 15.9375C25 16.4553 24.5803 16.875 24.0625 16.875C23.5447 16.875 23.125 16.4553 23.125 15.9375C23.125 15.4197 23.5447 15 24.0625 15C24.5803 15 25 15.4197 25 15.9375V15.9375Z\" fill=\"#424242\"><\/path><\/g><defs><clipPath id=\"clip0_69_28\"><rect width=\"20\" height=\"20\" fill=\"white\" transform=\"translate(10 10)\"><\/rect><\/clipPath><\/defs><\/svg>\t\t\t\t<\/a>\n\t\t\t<\/div>\n\t\t\t\n\t\t\t\t\t\t<div class=\"elementor-icon-box-content\">\n\n\t\t\t\t\t\t\t\t\t<h3 class=\"elementor-icon-box-title\">\n\t\t\t\t\t\t<a href=\"https:\/\/www.instagram.com\/marvelstone_sl\/.\" target=\"_blank\" >\n\t\t\t\t\t\t\tInstagram\t\t\t\t\t\t<\/a>\n\t\t\t\t\t<\/h3>\n\t\t\t\t\n\t\t\t\t\n\t\t\t<\/div>\n\t\t\t\n\t\t<\/div>\n\t\t\t\t\t\t<\/div>\n\t\t\t\t\t<\/div>\n\t\t<\/div>\n\t\t\t\t<div class=\"elementor-column elementor-col-50 elementor-inner-column elementor-element elementor-element-cfa4c3d\" data-id=\"cfa4c3d\" data-element_type=\"column\">\n\t\t\t<div class=\"elementor-widget-wrap elementor-element-populated\">\n\t\t\t\t\t\t<div class=\"elementor-element elementor-element-0649d3a elementor-widget elementor-widget-heading\" data-id=\"0649d3a\" data-element_type=\"widget\" data-widget_type=\"heading.default\">\n\t\t\t\t\t<h2 class=\"elementor-heading-title elementor-size-default\">Informaci\u00f3 de<br>contacte<\/h2>\t\t\t\t<\/div>\n\t\t\t\t<div class=\"elementor-element elementor-element-d5737c3 elementor-widget-divider--view-line elementor-widget elementor-widget-divider\" data-id=\"d5737c3\" data-element_type=\"widget\" data-widget_type=\"divider.default\">\n\t\t\t\t\t\t\t<div class=\"elementor-divider\">\n\t\t\t<span class=\"elementor-divider-separator\">\n\t\t\t\t\t\t<\/span>\n\t\t<\/div>\n\t\t\t\t\t\t<\/div>\n\t\t\t\t<div class=\"elementor-element elementor-element-8fd032b elementor-widget elementor-widget-text-editor\" data-id=\"8fd032b\" data-element_type=\"widget\" data-widget_type=\"text-editor.default\">\n\t\t\t\t\t\t\t\t\t<p>Direcci\u00f3 (Tremp)<\/p>\t\t\t\t\t\t\t\t<\/div>\n\t\t\t\t<div class=\"elementor-element elementor-element-c474253 elementor-widget elementor-widget-text-editor\" data-id=\"c474253\" data-element_type=\"widget\" data-widget_type=\"text-editor.default\">\n\t\t\t\t\t\t\t\t\t<p>Carrer la Canadenca, 1<br>(Pol. La Colomina)<br>2562 &#8211; Tremp, Lleida<\/p>\t\t\t\t\t\t\t\t<\/div>\n\t\t\t\t<div class=\"elementor-element elementor-element-e2e19d5 elementor-widget-divider--view-line elementor-widget elementor-widget-divider\" data-id=\"e2e19d5\" data-element_type=\"widget\" data-widget_type=\"divider.default\">\n\t\t\t\t\t\t\t<div class=\"elementor-divider\">\n\t\t\t<span class=\"elementor-divider-separator\">\n\t\t\t\t\t\t<\/span>\n\t\t<\/div>\n\t\t\t\t\t\t<\/div>\n\t\t\t\t<div class=\"elementor-element elementor-element-2965361 elementor-widget elementor-widget-text-editor\" data-id=\"2965361\" data-element_type=\"widget\" data-widget_type=\"text-editor.default\">\n\t\t\t\t\t\t\t\t\t<p>Email<\/p>\t\t\t\t\t\t\t\t<\/div>\n\t\t\t\t<div class=\"elementor-element elementor-element-59f33b2 elementor-widget elementor-widget-text-editor\" data-id=\"59f33b2\" data-element_type=\"widget\" data-widget_type=\"text-editor.default\">\n\t\t\t\t\t\t\t\t\t<p><span style=\"color: #424242;\"><a style=\"color: #424242;\" href=\"mailto:hola@marvelstone.cat\">hola@marvelstone.cat<\/a><\/span><\/p>\t\t\t\t\t\t\t\t<\/div>\n\t\t\t\t\t<\/div>\n\t\t<\/div>\n\t\t\t\t\t<\/div>\n\t\t<\/section>\n\t\t\t\t\t<\/div>\n\t\t<\/div>\n\t\t\t\t\t<\/div>\n\t\t<\/section>\n\t\t\t\t<section class=\"elementor-section elementor-top-section elementor-element elementor-element-371d8fb elementor-section-boxed elementor-section-height-default elementor-section-height-default\" data-id=\"371d8fb\" data-element_type=\"section\">\n\t\t\t\t\t\t<div class=\"elementor-container elementor-column-gap-no\">\n\t\t\t\t\t<div class=\"elementor-column elementor-col-100 elementor-top-column elementor-element elementor-element-ef8f32c\" data-id=\"ef8f32c\" data-element_type=\"column\">\n\t\t\t<div class=\"elementor-widget-wrap elementor-element-populated\">\n\t\t\t\t\t\t<div class=\"elementor-element elementor-element-a5c0dfa elementor-widget elementor-widget-google_maps\" data-id=\"a5c0dfa\" data-element_type=\"widget\" data-widget_type=\"google_maps.default\">\n\t\t\t\t\t\t\t<div class=\"elementor-custom-embed\">\n\t\t\t<iframe loading=\"lazy\"\n\t\t\t\t\tsrc=\"https:\/\/maps.google.com\/maps?q=Marvelstone&#038;t=m&#038;z=10&#038;output=embed&#038;iwloc=near\"\n\t\t\t\t\ttitle=\"Marvelstone\"\n\t\t\t\t\taria-label=\"Marvelstone\"\n\t\t\t><\/iframe>\n\t\t<\/div>\n\t\t\t\t\t\t<\/div>\n\t\t\t\t\t<\/div>\n\t\t<\/div>\n\t\t\t\t\t<\/div>\n\t\t<\/section>\n\t\t\t\t<\/div>\n\t\t","protected":false},"excerpt":{"rendered":"<p>Contacte Contacta amb nosaltres si tens qualsevol pregunta o consulta. Direcci\u00f3 (Balaguer) Carrer Vent Ser\u00e9, 23(Pol. Campllong)25600 &#8211; Balaguer, Lleida Tel\u00e8fon: (+34) 624 16 24 17(+34) 973 65 07 09 Whatsapp Instagram Informaci\u00f3 decontacte Direcci\u00f3 (Tremp) Carrer la Canadenca, 1(Pol. La Colomina)2562 &#8211; Tremp, Lleida Email hola@marvelstone.cat<\/p>\n","protected":false},"author":1,"featured_media":0,"parent":0,"menu_order":0,"comment_status":"closed","ping_status":"closed","template":"","meta":{"_acf_changed":false,"footnotes":""},"class_list":["post-700","page","type-page","status-publish","hentry"],"acf":[],"_links":{"self":[{"href":"https:\/\/marvelstone.cat\/ca\/wp-json\/wp\/v2\/pages\/700","targetHints":{"allow":["GET"]}}],"collection":[{"href":"https:\/\/marvelstone.cat\/ca\/wp-json\/wp\/v2\/pages"}],"about":[{"href":"https:\/\/marvelstone.cat\/ca\/wp-json\/wp\/v2\/types\/page"}],"author":[{"embeddable":true,"href":"https:\/\/marvelstone.cat\/ca\/wp-json\/wp\/v2\/users\/1"}],"replies":[{"embeddable":true,"href":"https:\/\/marvelstone.cat\/ca\/wp-json\/wp\/v2\/comments?post=700"}],"version-history":[{"count":10,"href":"https:\/\/marvelstone.cat\/ca\/wp-json\/wp\/v2\/pages\/700\/revisions"}],"predecessor-version":[{"id":821,"href":"https:\/\/marvelstone.cat\/ca\/wp-json\/wp\/v2\/pages\/700\/revisions\/821"}],"wp:attachment":[{"href":"https:\/\/marvelstone.cat\/ca\/wp-json\/wp\/v2\/media?parent=700"}],"curies":[{"name":"wp","href":"https:\/\/api.w.org\/{rel}","templated":true}]}}