{"id":718,"date":"2025-10-29T19:57:09","date_gmt":"2025-10-29T19:57:09","guid":{"rendered":"https:\/\/marvelstone.cat\/politica-de-privadesa\/"},"modified":"2025-11-06T21:15:19","modified_gmt":"2025-11-06T21:15:19","slug":"politica-privadesa","status":"publish","type":"page","link":"https:\/\/marvelstone.cat\/ca\/politica-privadesa\/","title":{"rendered":"Pol\u00edtica de Privadesa"},"content":{"rendered":"\t\t<div data-elementor-type=\"wp-page\" data-elementor-id=\"718\" class=\"elementor elementor-718 elementor-441\" data-elementor-post-type=\"page\">\n\t\t\t\t\t\t<section class=\"elementor-section elementor-top-section elementor-element elementor-element-02827a7 elementor-section-boxed elementor-section-height-default elementor-section-height-default\" data-id=\"02827a7\" data-element_type=\"section\">\n\t\t\t\t\t\t<div class=\"elementor-container elementor-column-gap-no\">\n\t\t\t\t\t<div class=\"elementor-column elementor-col-100 elementor-top-column elementor-element elementor-element-49eca62\" data-id=\"49eca62\" data-element_type=\"column\">\n\t\t\t<div class=\"elementor-widget-wrap elementor-element-populated\">\n\t\t\t\t\t\t<div class=\"elementor-element elementor-element-077b909 elementor-widget elementor-widget-heading\" data-id=\"077b909\" data-element_type=\"widget\" data-widget_type=\"heading.default\">\n\t\t\t\t\t<h2 class=\"elementor-heading-title elementor-size-default\">Pol\u00edtica de Privadesa <\/h2>\t\t\t\t<\/div>\n\t\t\t\t<div class=\"elementor-element elementor-element-7f9afc6 elementor-widget elementor-widget-text-editor\" data-id=\"7f9afc6\" data-element_type=\"widget\" data-widget_type=\"text-editor.default\">\n\t\t\t\t\t\t\t\t\t<p><strong>MARVELSTONE, S.L.<\/strong>, informa els usuaris del lloc web sobre la seva pol\u00edtica respecte al tractament i protecci\u00f3 de les dades de car\u00e0cter personal dels usuaris i clients.<\/p><p>I garanteix en tot moment l&#8217;\u00edntegre i ple compliment de les obligacions disposades per la normativa de protecci\u00f3 de dades i serveis de la societat de la informaci\u00f3: Reglament (UE) 2016\/679 del Parlament Europeu i del Consell, de 27 d&#8217;abril de 2016, relatiu a la protecci\u00f3 de les persones f\u00edsiques pel que fa al tractament de dades personals i a la lliure circulaci\u00f3 d&#8217;aquestes dades (RGPD), la normativa Llei Org\u00e0nica 3\/2018, de 5 de desembre, de Protecci\u00f3 de Dades Personals i garantia dels drets digitals (LOPDGDD)\u00a0i la Llei 34\/2002, d&#8217;11 de juliol, de Serveis de la Societat de la Informaci\u00f3 i del Comer\u00e7 Electr\u00f2nic (LSSIce).<\/p><p><strong>RESPONSABLE DEL TRACTAMENT<\/strong><\/p><p>MARVELSTONE, S.L.<\/p><p>C.I.F.: B25846981<\/p><p>Domicili: C\/ VENT SER\u00c9, 23, POL. CAMP LLONG &#8211; 25600 &#8211; BALAGUER (LLEIDA)<\/p><p>Dades registrals: Registre Mercantil de Lleida,\u00a0Tom\u00a01556, Foli 211, Fulla L-31590, Inscripci\u00f3 1, Data 08\/03\/2019<\/p><p>Telefono: 624162417<\/p><p>Correu electr\u00f2nic: marvelstonesl@gmail.com<\/p><p><strong>FINALITATS DEL TRACTAMENT DE LES DADES<\/strong><\/p><p>Les dades facilitades per l&#8217;Usuari s\u00f3n utilitzats per diverses finalitats que s&#8217;enumeren a continuaci\u00f3:<\/p><table width=\"584\"><tbody><tr><td width=\"291\"><p><strong>Finalitat del tractament \u00a0\u00a0\u00a0\u00a0\u00a0\u00a0\u00a0\u00a0\u00a0\u00a0\u00a0\u00a0\u00a0\u00a0\u00a0\u00a0\u00a0\u00a0\u00a0\u00a0\u00a0 <\/strong><\/p><\/td><td width=\"293\"><p><strong>Base jur\u00eddica per al tractament<\/strong><\/p><\/td><\/tr><tr><td width=\"291\"><p>Gestionar les consultes o qualsevol tipus de petici\u00f3 que sigui realitzada a trav\u00e9s de les formes de contacte que es posen a disposici\u00f3 a la p\u00e0gina web.<\/p><\/td><td width=\"293\"><p>Inter\u00e8s leg\u00edtim de la Societat per a atendre els requeriments d&#8217;informaci\u00f3 a trav\u00e9s de la web.<\/p><p>Consentiment prestat de manera expressa en el moment de recollida de les dades a trav\u00e9s dels formularis web.<\/p><\/td><\/tr><tr><td width=\"291\"><p>Enviament de\u00a0newsletters, comunicacions comercials i promocions.<\/p><\/td><td width=\"293\"><p>Consentiment prestat de manera expressa en el moment de recollida de les dades a trav\u00e9s dels formularis web.<\/p><\/td><\/tr><tr><td width=\"291\"><p>Gestionar les incid\u00e8ncies i el manteniment de la web.<\/p><\/td><td width=\"293\"><p>Inter\u00e8s leg\u00edtim de la Societat.<\/p><p>\u00a0<\/p><\/td><\/tr><\/tbody><\/table><p>\u00a0<\/p><p><strong>TERMINI DE CONSERVACI\u00d3 DE LES DADES<\/strong><\/p><p>\u00a0<\/p><table width=\"584\"><tbody><tr><td width=\"291\"><p><strong>Finalitat del tractament<\/strong><\/p><\/td><td width=\"293\"><p><strong>Termini de conservaci\u00f3<\/strong><\/p><\/td><\/tr><tr><td width=\"291\"><p>Gestionar les consultes o qualsevol tipus de petici\u00f3 que sigui realitzada a trav\u00e9s de les formes de contacte que es posen a disposici\u00f3 a la p\u00e0gina web.<\/p><\/td><td width=\"293\"><p>Tractarem les teves dades durant el temps que sigui necessari per a atendre la teva sol\u00b7licitud o petici\u00f3.<\/p><\/td><\/tr><tr><td width=\"291\"><p>Enviament de\u00a0newsletters, comunicacions comercials i promocions.<\/p><\/td><td width=\"293\"><p>Tractarem les teves dades fins que et donis de baixa.<\/p><\/td><\/tr><tr><td width=\"291\"><p>Gestionar les incid\u00e8ncies i el manteniment de la web.<\/p><\/td><td width=\"293\"><p>Tractarem les seves dades durant el temps necessari per a complir els terminis legals de prescripci\u00f3 que li resultin d&#8217;aplicaci\u00f3.<\/p><\/td><\/tr><\/tbody><\/table><p>\u00a0<\/p><p><strong>DESTINATARIS DE LES DADES<\/strong><\/p><p>Per a complir les finalitats indicades en la present Pol\u00edtica de Privacitat, \u00e9s necessari que donem acc\u00e9s a les teves dades personals a terceres parts que ens donin suport en els serveis que t&#8217;oferim (Encarregats de Tractament)<\/p><p>Els encarregats de tractament, per a l&#8217;execuci\u00f3 d&#8217;un contracte o prestaci\u00f3 d&#8217;un servei al Responsable, ha de seguir les seves instruccions i assegurant els mateixos nivells de seguretat.<\/p><p><strong>COOKIES<\/strong><\/p><p>Pel que fa a l&#8217;\u00fas de les cookies i altres tecnologies de seguiment, consulteu la Pol\u00edtica de Cookies d&#8217;aquest Lloc Web. En aquest cas, la base legal per al tractament de les vostres dades \u00e9s el vostre consentiment atorgat en acceptar la c\u00e0rrega de les cookies al vostre navegador.<\/p><p><strong>DRETS DELS USUARIS<\/strong><\/p><p>L&#8217;usuari t\u00e9 dret a:<\/p><ul><li>Sol\u00b7licitar l&#8217;acc\u00e9s a les seves dades personals que s&#8217;estan tractant i rebre aquesta informaci\u00f3 per escrit pel mitj\u00e0 sol\u00b7licitat.<\/li><li>Sol\u00b7licitar la rectificaci\u00f3 de les dades personals inexactes o, si escau, sol\u00b7licitar la seva supressi\u00f3 quan, entre altres motius, les dades ja no siguin necessaris per a la finalitat pels quals van ser recollits.<\/li><li>Sol\u00b7licitar la limitaci\u00f3 del tractament de les seves dades.<\/li><li>Oposar-se al tractament de les seves dades personals quan escaigui, en aquest cas es deixaran de tractar les seves dades excepte per motius leg\u00edtims.<\/li><li>Dret a la portabilitat de les dades. L&#8217;interessat\/interessada t\u00e9 dret a rebre les dades personals si han estat facilitades en un format estructurat, d&#8217;\u00fas com\u00fa i de lectura mec\u00e0nica, i a transmetre-les a un altre responsable, si es compleixen els requisits seg\u00fcents:<\/li><li>El tractament es basa en el consentiment o en un contracte.<\/li><li>El tractament es fa per mitjans automatitzats.<\/li><li>Dret a retirar el consentiment prestat.<\/li><li>Dret a reclamar davant l&#8217;Ag\u00e8ncia Espanyola de Protecci\u00f3 de Dades.<\/li><\/ul><p>L&#8217;Usuari pot exercitar els drets anteriorment indicats a l&#8217;adre\u00e7a de correu postal o electr\u00f2nica del Responsable, acreditant la seva identitat amb una c\u00f2pia escanejada del seu DNI o document equivalent, i especificant el dret que desitja exercir.<\/p><p><strong>PROCED\u00c8NCIA DE LES DADES <\/strong><\/p><p>Les dades personals han de ser facilitades pel propi interessat de forma absolutament volunt\u00e0ria. La manca d\u2019algunes dades o la no resposta de preguntes que puguin formular-se a la persona interessada en els processos de registre o a trav\u00e9s de formularis electr\u00f2nics, pot provocar la impossibilitat d\u2019acc\u00e9s a determinats serveis per a la prestaci\u00f3 dels quals \u00e9s imprescindible de disposar d\u2019aquestes dades de car\u00e0cter personal. En aquest cas, el Responsable del Tractament ha d\u2019informar del car\u00e0cter obligatori o necessari de facilitar les dades personals per al funcionament del servei.<\/p><p>El Responsable assegura la confidencialitat de les seves dades personals i garanteix la seguretat d&#8217;aquests, adoptant les mesures necess\u00e0ries per a evitar la seva alteraci\u00f3, p\u00e8rdua, tractament o acc\u00e9s no autoritzat.<\/p><p><strong>INFORMACI\u00d3 FACILITADA PER L\u2019INTERESSAT\/INTERESSADA<\/strong><\/p><p>Els i les menors de 18 anys no poden cedir les seves dades personals sense el previ consentiment del seu pare\/mare \u00a0i\/o tutors legals.<\/p><p>L\u2019interessat\/interessada introduint les seves dades en els formularis de contacte o presentats en formularis de desc\u00e0rrega, accepten expressament i de forma lliure i inequ\u00edvoca que les seves dades s\u00f3n necess\u00e0ries perqu\u00e8 el Responsable atengui la seva petici\u00f3, i \u00e9s volunt\u00e0ria la inclusi\u00f3 de dades en els camps restants.<\/p><p>L\u2019interessat\/interessada garanteix que les dades personals facilitades al prestador s\u00f3n veraces i es fa responsable de comunicar qualsevol modificaci\u00f3 d&#8217;aquestes.<\/p><p>Totes les dades sol\u00b7licitades a trav\u00e9s del lloc web s\u00f3n necessaris per a la prestaci\u00f3 d&#8217;un servei \u00f2ptim a l\u2019interessat\/interessada. En cas que no siguin facilitades totes les dades, no es garanteix que la informaci\u00f3 i serveis que El responsable li faciliti, siguin completament ajustats a les seves necessitats.<\/p><p><strong>MESURES DE SEGURETAT<\/strong><\/p><p>Que de conformitat amb el que disposen les normatives vigents en mat\u00e8ria de protecci\u00f3 de dades personals, El Responsable est\u00e0 complint amb totes les disposicions de les normatives RGPD i LOPDGDD per al tractament de les dades personals de la seva responsabilitat, i manifestament amb els principis descrits en l&#8217;article 5 del RGPD i en l&#8217;article 4 de la LOPDGDD, pels quals s\u00f3n tractats de manera l\u00edcita, lleial i transparent en relaci\u00f3 amb l&#8217;interessat i adequades, pertinents i limitats al que \u00e9s necessari en relaci\u00f3 amb els fins per als quals s\u00f3n tractats.<\/p><p>El responsable garanteix que ha implementat pol\u00edtiques t\u00e8cniques i organitzatives apropiades per aplicar les mesures de seguretat que estableixen el RGPD i la LOPDGDD per tal de protegir els drets i llibertats de l\u2019interessat\/interessadai els ha comunicat la informaci\u00f3 adequada perqu\u00e8 puguin exercir-los.\u00a0<\/p><p><strong>BRETXES DE SEGURETAT<\/strong><\/p><p>El Responsable informar\u00e0 sobre qualsevol bretxa de seguretat que afecti la base de dades que utilitza aquest lloc web, o que afecti a qualsevol dels nostres serveis de tercers, a totes i cadascuna de les persones, dades dels quals puguin haver estat afectades, i autoritats, dins de les 72 hores seg\u00fcents a la detecci\u00f3 de la bretxa.<\/p><p><strong>LEGISLACI\u00d3 APLICABLE I JURISDICCI\u00d3<\/strong><\/p><p>Es reserva la facultat de presentar les accions civils o penals que consideri necess\u00e0ries per a la utilitzaci\u00f3 indeguda del Lloc web i Continguts.<\/p><p>La relaci\u00f3 entre l&#8217;Usuari i el Responsable es regir\u00e0 per la normativa vigent i d&#8217;aplicaci\u00f3 en el territori espanyol. En cas de sorgir qualsevol controv\u00e8rsia en relaci\u00f3 amb la interpretaci\u00f3 i\/o a l&#8217;aplicaci\u00f3, les parts sotmetran els seus conflictes a la jurisdicci\u00f3 ordin\u00e0ria sotmetent-se als jutges i tribunals que corresponguin conforme a dret.<\/p>\t\t\t\t\t\t\t\t<\/div>\n\t\t\t\t\t<\/div>\n\t\t<\/div>\n\t\t\t\t\t<\/div>\n\t\t<\/section>\n\t\t\t\t<\/div>\n\t\t","protected":false},"excerpt":{"rendered":"<p>Pol\u00edtica de Privadesa MARVELSTONE, S.L., informa els usuaris del lloc web sobre la seva pol\u00edtica respecte al tractament i protecci\u00f3 de les dades de car\u00e0cter personal dels usuaris i clients. I garanteix en tot moment l&#8217;\u00edntegre i ple compliment de les obligacions disposades per la normativa de protecci\u00f3 de dades i serveis de la societat [&hellip;]<\/p>\n","protected":false},"author":1,"featured_media":0,"parent":0,"menu_order":0,"comment_status":"closed","ping_status":"closed","template":"","meta":{"_acf_changed":false,"footnotes":""},"class_list":["post-718","page","type-page","status-publish","hentry"],"acf":[],"_links":{"self":[{"href":"https:\/\/marvelstone.cat\/ca\/wp-json\/wp\/v2\/pages\/718","targetHints":{"allow":["GET"]}}],"collection":[{"href":"https:\/\/marvelstone.cat\/ca\/wp-json\/wp\/v2\/pages"}],"about":[{"href":"https:\/\/marvelstone.cat\/ca\/wp-json\/wp\/v2\/types\/page"}],"author":[{"embeddable":true,"href":"https:\/\/marvelstone.cat\/ca\/wp-json\/wp\/v2\/users\/1"}],"replies":[{"embeddable":true,"href":"https:\/\/marvelstone.cat\/ca\/wp-json\/wp\/v2\/comments?post=718"}],"version-history":[{"count":4,"href":"https:\/\/marvelstone.cat\/ca\/wp-json\/wp\/v2\/pages\/718\/revisions"}],"predecessor-version":[{"id":722,"href":"https:\/\/marvelstone.cat\/ca\/wp-json\/wp\/v2\/pages\/718\/revisions\/722"}],"wp:attachment":[{"href":"https:\/\/marvelstone.cat\/ca\/wp-json\/wp\/v2\/media?parent=718"}],"curies":[{"name":"wp","href":"https:\/\/api.w.org\/{rel}","templated":true}]}}