{"id":733,"date":"2025-10-29T19:59:58","date_gmt":"2025-10-29T19:59:58","guid":{"rendered":"https:\/\/marvelstone.cat\/politica-de-galetes\/"},"modified":"2025-11-06T21:29:49","modified_gmt":"2025-11-06T21:29:49","slug":"politica-galetes","status":"publish","type":"page","link":"https:\/\/marvelstone.cat\/ca\/politica-galetes\/","title":{"rendered":"Pol\u00edtica de Galetes"},"content":{"rendered":"\t\t<div data-elementor-type=\"wp-page\" data-elementor-id=\"733\" class=\"elementor elementor-733 elementor-449\" data-elementor-post-type=\"page\">\n\t\t\t\t\t\t<section class=\"elementor-section elementor-top-section elementor-element elementor-element-0bfe761 elementor-section-boxed elementor-section-height-default elementor-section-height-default\" data-id=\"0bfe761\" data-element_type=\"section\">\n\t\t\t\t\t\t<div class=\"elementor-container elementor-column-gap-no\">\n\t\t\t\t\t<div class=\"elementor-column elementor-col-100 elementor-top-column elementor-element elementor-element-4c7f032\" data-id=\"4c7f032\" data-element_type=\"column\">\n\t\t\t<div class=\"elementor-widget-wrap elementor-element-populated\">\n\t\t\t\t\t\t<div class=\"elementor-element elementor-element-564eb62 elementor-widget elementor-widget-heading\" data-id=\"564eb62\" data-element_type=\"widget\" data-widget_type=\"heading.default\">\n\t\t\t\t\t<h2 class=\"elementor-heading-title elementor-size-default\">Termes de servei<\/h2>\t\t\t\t<\/div>\n\t\t\t\t<div class=\"elementor-element elementor-element-45d850b elementor-widget elementor-widget-text-editor\" data-id=\"45d850b\" data-element_type=\"widget\" data-widget_type=\"text-editor.default\">\n\t\t\t\t\t\t\t\t\t<h3><strong>Capa 1 \u2013 CONSENTIMENT COOKIES (AV\u00cdS EMERGENT)<\/strong><\/h3><h4><em>Instruccions per Configurar l&#8217;Av\u00eds Emergent de Cookies<\/em><\/h4><h4>1. Sol\u00b7licitud de Consentiment Previ<\/h4><ul><li>Configuri el sistema de cookies de manera que no es guardin cookies al navegador de l&#8217;usuari fins que aquest atorgui un consentiment clar i afirmatiu mitjan\u00e7ant una acci\u00f3 espec\u00edfica (per exemple, fer clic a &#8220;Acceptar totes les cookies&#8221; o &#8220;Acceptar configuraci\u00f3 cookies&#8221;).<\/li><li>Navegar o despla\u00e7ar-se pel lloc web no pot interpretar-se com a consentiment.<\/li><\/ul><h4>2. Consentiment Lliure i No For\u00e7at<\/h4><ul><li>Asseguri&#8217;s que l&#8217;usuari pugui accedir al lloc web, fins i tot si decideix rebutjar totes les cookies (excepte les estrictament necess\u00e0ries).<\/li><li>No utilitzi &#8220;paredes de cookies&#8221; que obliguin l&#8217;usuari a acceptar cookies com a condici\u00f3 d&#8217;acc\u00e9s al lloc web.<\/li><\/ul><h4>3. Informaci\u00f3 Detallada i Transparent<\/h4><ul><li><strong>Inclogui enlla\u00e7os o desplegables a l&#8217;av\u00eds emergent per accedir a aquesta informaci\u00f3 addicional. <\/strong><\/li><li><strong>Pot proporcionar a l&#8217;usuari una descripci\u00f3 clara i espec\u00edfica de totes les cookies i tecnologies de seguiment en \u00fas. Per a cada cookie, inclogui <\/strong><\/li><\/ul><ul><li>Nom de la cookies<\/li><li>Prop\u00f2sit (explicant clarament l&#8217;\u00fas que se&#8217;n far\u00e0)<\/li><li>Prove\u00efdor de la cookie<\/li><li>Tipus de cookie<\/li><li>Data de caducitat<\/li><\/ul><p><strong>(*) Aquesta informaci\u00f3 es pot mostrar al banner de consentiment o a la pol\u00edtica de cookies, per\u00f2 ha d&#8217;estar sempre accessible perqu\u00e8 l&#8217;usuari pugui consultar-la en qualsevol moment.<\/strong><strong>\u00a0<\/strong><\/p><h4>4. Opcions Granulars de Consentiment<\/h4><ul><li><strong>Asseguri&#8217;s que els usuaris puguin optar per acceptar o rebutjar diferents tipus de cookies (per exemple: cookies d&#8217;an\u00e0lisi, de personalitzaci\u00f3, de publicitat). <\/strong><\/li><li><strong>Afegiu un bot\u00f3 de &#8220;Configurar cookies&#8221; que permeti la selecci\u00f3 granular i les opcions de &#8220;Acceptar totes les cookies&#8221; i &#8220;Rebutjar cookies&#8221;. <\/strong><\/li><li><strong>Instal\u00b7li un m\u00f2dul espec\u00edfic per a la configuraci\u00f3 granular, si \u00e9s necessari.<\/strong><strong>\u00a0<\/strong><\/li><\/ul><h4>5. Disseny de l&#8217;Av\u00eds Emergent<\/h4><ul><li><strong>Les accions d'&#8221;Acceptar&#8221;, &#8220;Rebutjar&#8221; i &#8220;Configurar cookies&#8221; han d&#8217;estar al mateix nivell visual (mateix color, mida i visibilitat), de manera que no sigui m\u00e9s complicat per a l&#8217;usuari rebutjar les cookies que acceptar-les.<\/strong><\/li><li><strong>No inclogui caselles preseleccionades per a cap tipus de cookies excepte les estrictament necess\u00e0ries, que s\u00ed han d&#8217;estar activades per defecte.<\/strong><\/li><\/ul><h4><strong>6. Documentaci\u00f3 del Consentiment<\/strong><\/h4><ul><li><strong>Emmagatzemi un registre de tots els consentiments atorgats per a fins de documentaci\u00f3, assegurant-se que estiguin guardats de manera segura.<\/strong><\/li><li><strong>Configuri el sistema per sol\u00b7licitar una renovaci\u00f3 del consentiment cada 12 mesos des de la primera visita de l&#8217;usuari.<\/strong><\/li><\/ul><h4><strong>7. Excepcions per a Cookies T\u00e8cniques<\/strong><\/h4><ul><li><strong>Les cookies de personalitzaci\u00f3 necess\u00e0ries (com la selecci\u00f3 d&#8217;idioma o moneda) no requereixen consentiment quan nom\u00e9s s&#8217;utilitzen per als fins espec\u00edfics indicats.<\/strong><\/li><li><strong>Eviti l&#8217;\u00fas d&#8217;aquestes cookies de personalitzaci\u00f3 per a qualsevol altre fi, ja que en aquest cas s\u00ed que es requeriria el consentiment.<\/strong><\/li><\/ul><p><strong>\u00a0<\/strong><strong>Panell Granular<\/strong><\/p><ul><li>Quan utilitzeu galetes no exceptuades per a diferents prop\u00f2sits o de tercers, implementeu un panell de configuraci\u00f3 granular.<\/li><li>Permeteu que l&#8217;usuari seleccioni les galetes que voleu permetre i que pugueu gestionar les vostres prefer\u00e8ncies en qualsevol moment.<\/li><li>Algunes eines\/m\u00f2duls:<\/li><\/ul><p><a href=\"https:\/\/addons.prestashop.com\/demo\/FO23164.html\">https:\/\/addons.prestashop.com\/demo\/FO23164.html<\/a> (Demo prestashop)<\/p><p><a href=\"https:\/\/www.webtoffee.com\/product\/gdpr-cookie-consent\/\">https:\/\/www.webtoffee.com\/product\/gdpr-cookie-consent\/<\/a>\u00a0(WordPress)<\/p><p><a href=\"http:\/\/www.cookiebot.com\/\">www.cookiebot.com<\/a><\/p><p><a href=\"http:\/\/www.cookiepro.com\">www.cookiepro.com<\/a><\/p><h4><strong>Exemples de panell granular<\/strong><strong>\u00a0 <\/strong><\/h4><h4><strong>\u00a0 \u00a0 \u00a0 \u00a0<\/strong><strong>\u00a0<\/strong><strong> <img fetchpriority=\"high\" decoding=\"async\" class=\"wp-image-732 size-full alignleft\" src=\"https:\/\/marvelstone.cat\/wp-content\/uploads\/2025\/11\/cookies.png\" alt=\"\" width=\"567\" height=\"400\" srcset=\"https:\/\/marvelstone.cat\/wp-content\/uploads\/2025\/11\/cookies.png 567w, https:\/\/marvelstone.cat\/wp-content\/uploads\/2025\/11\/cookies-300x212.png 300w\" sizes=\"(max-width: 567px) 100vw, 567px\" \/><\/strong><\/h4><p>\u00a0<\/p><p>\u00a0<\/p><p>\u00a0<\/p><p>\u00a0<\/p><p>\u00a0<\/p><p>\u00a0<\/p><p>\u00a0<\/p><p>\u00a0<\/p><p>\u00a0<\/p><p>\u00a0<\/p><h4>Capa 2 \u2013 Texto para la Pol\u00edtica de Cookies<\/h4><h2><u>Pol\u00edtica de Cookies<\/u><\/h2><p>Aquest lloc web utilitza cookies pr\u00f2pies i de tercers per oferir-li una millor experi\u00e8ncia i servei. En navegar o utilitzar els nostres serveis l&#8217;usuari accepta l&#8217;\u00fas que fem de les cookies. No obstant aix\u00f2, l&#8217;usuari t\u00e9 l&#8217;opci\u00f3 d&#8217;impedir la generaci\u00f3 de cookies i l&#8217;eliminaci\u00f3 de les mateixes.<\/p><p><strong>QU\u00c8 \u00c9S UNA COOKIE?<\/strong><\/p><p>Una cookie \u00e9s un petit fragment de text que els llocs Web envien al navegador i que s&#8217;emmagatzemen al terminal de l&#8217;usuari, el qual pot ser un ordinador personal, un tel\u00e8fon m\u00f2bil, tablet, etc. Aquests arxius permeten que el lloc Web recordi informaci\u00f3 sobre la seva visita, com l&#8217;idioma i les opcions preferides, cosa que pot facilitar la seva pr\u00f2xima visita i fer que el lloc resulti m\u00e9s \u00fatil en personalitzar el seu contingut. Les cookies exerceixen un paper molt important, en millorar l&#8217;experi\u00e8ncia d&#8217;\u00fas de la Web.<\/p><p><strong>TIPUS DE COOKIES <\/strong><\/p><p>Segons l&#8217;entitat que les gestioni, les cookies poden ser:<\/p><ul><li><strong>Cookies pr\u00f2pies<\/strong>: S\u00f3n aquelles que s&#8217; envien a l&#8217; equip terminal de l&#8217; interessat des d&#8217; un equip o domini gestionat pel propi editor i des del qual es presta el servei demanat per l&#8217; usuari.<\/li><li><strong>Cookies de tercers<\/strong>: S\u00f3n aquelles que s&#8217;envien a l&#8217;equip terminal de l&#8217;usuari des d&#8217;un equip o domini que no \u00e9s gestionat per l&#8217;editor, sin\u00f3 per una altra entitat que tracta les dades obtingudes a trav\u00e9s de les cookies.<\/li><\/ul><p>Segons el termini de temps que romanen activades:<\/p><ul><li><strong>Cookies de sessi\u00f3<\/strong>: S\u00f3n un tipus de cookies dissenyades per recaptar i emmagatzemar dades mentre l&#8217;usuari accedeix a una p\u00e0gina web. Se solen emprar per emmagatzemar informaci\u00f3 que nom\u00e9s interessa conservar per a la prestaci\u00f3 del servei sol\u00b7licitat per l&#8217;usuari en una sola ocasi\u00f3.<\/li><li><strong>Cookies persistents<\/strong>: S\u00f3n un tipus de cookies en qu\u00e8 les dades segueixen emmagatzemades al terminal i poden ser accedides i tractades durant un per\u00edode definit pel responsable de la cookie, i que pot anar d&#8217;uns minuts a diversos anys.<\/li><\/ul><p>Segons la finalitat per a la qual es tractin les dades obtingudes a trav\u00e9s de les cookies, la web pot utilitzar:<\/p><p><strong><em>Cookies t\u00e8cniques &#8211;<\/em><\/strong>S\u00f3n aquelles que permeten a l&#8217; usuari la navegaci\u00f3 a trav\u00e9s de la p\u00e0gina web o aplicaci\u00f3 i la utilitzaci\u00f3 de les diferents opcions o serveis que hi ha. Per exemple, controlar el tr\u00e0nsit i la comunicaci\u00f3 de dades, identificar la sessi\u00f3, accedir a les parts web d&#8217;acc\u00e9s restringit, recordar els elements que integren una comanda, realitzar la sol\u00b7licitud d&#8217;inscripci\u00f3 o participaci\u00f3 en un esdeveniment, utilitzar elements de seguretat durant la navegaci\u00f3 i emmagatzemar continguts per a la difusi\u00f3 de v\u00eddeos o so.<\/p><p><strong><em>Cookies de personalitzaci\u00f3 &#8211;<\/em><\/strong>S\u00f3n aquelles que permeten a l&#8217;usuari accedir al servei amb algunes caracter\u00edstiques de car\u00e0cter general predefinides en el seu terminal o que el propi usuari defineixi. Per exemple, l&#8217;idioma, el tipus de navegador a trav\u00e9s del qual accedeix al servei, el disseny de continguts seleccionat, geolocalitzaci\u00f3 del terminal i la configuraci\u00f3 regional des d&#8217; on s&#8217;accedeix al servei.<\/p><p><strong><em>Cookies publicit\u00e0ries &#8211;<\/em><\/strong>S\u00f3n aquelles que permeten la gesti\u00f3 efica\u00e7 dels espais publicitaris que s&#8217; han incl\u00f2s a la p\u00e0gina web o aplicaci\u00f3 des de la qual es presta el servei. Permeten adequar el contingut de la publicitat perqu\u00e8 aquesta sigui rellevant per a l&#8217;usuari i per evitar mostrar anuncis que l&#8217;usuari ja hagi vist.<\/p><p><strong><em>Cookies de an\u00e0lisis estad\u00edstica &#8211;<\/em><\/strong>S\u00f3n aquelles que permeten fer el seguiment i an\u00e0lisi del comportament dels usuaris als llocs web. La informaci\u00f3 recollida mitjan\u00e7ant aquest tipus de cookies s&#8217;utilitza en el mesurament de l&#8217;activitat dels llocs web, aplicaci\u00f3 o plataforma i per a l&#8217;elaboraci\u00f3 de perfils de navegaci\u00f3 dels usuaris d&#8217;aquests llocs, per tal d&#8217;introduir millores en el servei en funci\u00f3 de les dades d&#8217;\u00fas que fan els usuaris.<\/p><p><strong>Les cookies utilitzades en aquest lloc web les pot veure en el <u>panell de configuraci\u00f3 <\/u>i ajustar la seva configuraci\u00f3 en qualsevol moment.<\/strong><\/p><p><strong>La identificaci\u00f3 de qui utilitza les cookies, el tipus de cookies utilitzades i altres detalls, s&#8217;indica a continuaci\u00f3:<\/strong><\/p><p>Relaci\u00f3 de cookies utilitzades:<\/p><table width=\"709\"><tbody><tr><td width=\"104\"><p><strong>Finalitat<\/strong><\/p><\/td><td width=\"66\"><p><strong>Nom de la Cookie<\/strong><\/p><\/td><td width=\"85\"><p><strong>Propietat<\/strong><\/p><\/td><td width=\"170\"><p><strong>Descripci\u00f3<\/strong><\/p><\/td><td width=\"85\"><p><strong>Temps de conservaci\u00f3<\/strong><\/p><\/td><td width=\"104\"><p><strong>REQUEREIX CONSENTIMENT<\/strong><\/p><\/td><td width=\"94\"><p><strong>M\u00c9S INFORMACI\u00d3 (*)<\/strong><\/p><\/td><\/tr><tr><td width=\"104\"><p>Necess\u00e0ria<\/p><\/td><td width=\"66\"><p>\u00a0<\/p><\/td><td width=\"85\"><p>\u00a0<\/p><\/td><td width=\"170\"><p>\u00a0<\/p><\/td><td width=\"85\"><p>\u00a0<\/p><\/td><td width=\"104\"><p>NO<\/p><\/td><td width=\"94\"><p>\u00a0<\/p><\/td><\/tr><tr><td width=\"104\"><p>Estad\u00edstica<\/p><\/td><td width=\"66\"><p>\u00a0<\/p><\/td><td width=\"85\"><p>\u00a0<\/p><\/td><td width=\"170\"><p>\u00a0<\/p><\/td><td width=\"85\"><p>\u00a0<\/p><\/td><td width=\"104\"><p>SI<\/p><\/td><td width=\"94\"><p>\u00a0<\/p><\/td><\/tr><tr><td width=\"104\"><p>Publicitat<\/p><\/td><td width=\"66\"><p>\u00a0<\/p><\/td><td width=\"85\"><p>\u00a0<\/p><\/td><td width=\"170\"><p>\u00a0<\/p><\/td><td width=\"85\"><p>\u00a0<\/p><\/td><td width=\"104\"><p>SI<\/p><\/td><td width=\"94\"><p>\u00a0<\/p><\/td><\/tr><tr><td width=\"104\"><p>Anal\u00edtica<\/p><\/td><td width=\"66\"><p>\u00a0<\/p><\/td><td width=\"85\"><p>\u00a0<\/p><\/td><td width=\"170\"><p>\u00a0<\/p><\/td><td width=\"85\"><p>\u00a0<\/p><\/td><td width=\"104\"><p>SI<\/p><\/td><td width=\"94\"><p>\u00a0<\/p><\/td><\/tr><tr><td width=\"104\"><p>Personalitzaci\u00f3<\/p><\/td><td width=\"66\"><p>\u00a0<\/p><\/td><td width=\"85\"><p>\u00a0<\/p><\/td><td width=\"170\"><p>\u00a0<\/p><\/td><td width=\"85\"><p>\u00a0<\/p><\/td><td width=\"104\"><p>SI<\/p><\/td><td width=\"94\"><p>\u00a0<\/p><\/td><\/tr><\/tbody><\/table><h2>\u00a0<\/h2><p>(*) Pot informar-se de les transfer\u00e8ncies a tercers pa\u00efsos que, si s&#8217;escau, realitzen els tercers identificats en aquesta pol\u00edtica de cookies en les seves corresponents pol\u00edtiques (veure els enlla\u00e7os facilitats en l&#8217;apartat &#8220;M\u00e9s informaci\u00f3&#8221; de la taula anterior).<\/p><p><strong>\u00a0\u00a0\u00a0\u00a0\u00a0\u00a0\u00a0\u00a0\u00a0\u00a0\u00a0\u00a0\u00a0\u00a0\u00a0\u00a0\u00a0\u00a0\u00a0\u00a0\u00a0\u00a0\u00a0\u00a0\u00a0\u00a0\u00a0\u00a0\u00a0\u00a0\u00a0\u00a0\u00a0\u00a0\u00a0\u00a0\u00a0\u00a0\u00a0\u00a0\u00a0\u00a0\u00a0\u00a0\u00a0\u00a0\u00a0\u00a0\u00a0 <\/strong><\/p><p><strong>COM ADMINISTRAR COOKIES AL NAVEGADOR?<\/strong><\/p><p>L&#8217;usuari t\u00e9 l&#8217;opci\u00f3 de permetre, bloquejar o eliminar les cookies instal\u00b7lades en el seu equip mitjan\u00e7ant la configuraci\u00f3 de les opcions del navegador instal\u00b7lat en el seu terminal:<\/p><ul><li><strong>Firefox<\/strong>:<\/li><\/ul><p><a href=\"http:\/\/support.mozilla.org\/es\/kb\/habilitar-y-deshabilitar-cookies-que-los-sitios-we\">http:\/\/support.mozilla.org\/es\/kb\/habilitar-y-deshabilitar-cookies-que-los-sitios-we<\/a><\/p><ul><li><strong>Chrome<\/strong>:<\/li><\/ul><p><a href=\"http:\/\/support.google.com\/chrome\/bin\/answer.py?hl=es&amp;answer=95647\">http:\/\/support.google.com\/chrome\/bin\/answer.py?hl=es&amp;answer=95647<\/a><\/p><ul><li><strong>Internet Explorer<\/strong>:<\/li><\/ul><p><a href=\"https:\/\/support.microsoft.com\/es-es\/help\/278835\/how-to-delete-cookie-files-in-internet-explorer\">https:\/\/support.microsoft.com\/es-es\/help\/278835\/how-to-delete-cookie-files-in-internet-explorer<\/a><\/p><ul><li><strong>Microsoft Edge:<\/strong><\/li><\/ul><p><a href=\"https:\/\/support.microsoft.com\/es-es\/help\/4468242\/microsoft-edge-browsing-data-and-privacy-microsoft-privacy\">https:\/\/support.microsoft.com\/es-es\/help\/4468242\/microsoft-edge-browsing-data-and-privacy-microsoft-privacy<\/a><\/p><ul><li><strong>Safari<\/strong>:<\/li><\/ul><p><a href=\"http:\/\/support.apple.com\/kb\/ph5042\">http:\/\/support.apple.com\/kb\/ph5042<\/a><\/p><ul><li><strong>Opera<\/strong>:<\/li><\/ul><p><a href=\"http:\/\/help.opera.com\/Windows\/11.50\/es-ES\/cookies.html\">http:\/\/help.opera.com\/Windows\/11.50\/es-ES\/cookies.html<\/a>\u00a0\u00a0\u00a0\u00a0\u00a0\u00a0\u00a0\u00a0\u00a0\u00a0\u00a0\u00a0\u00a0\u00a0\u00a0<\/p><p>En alguns navegadors es poden configurar regles espec\u00edfiques per administrar cookies per lloc web, cosa que ofereix un control m\u00e9s prec\u00eds sobre la privacitat. Aix\u00f2 significa que es pot inhabilitar cookies de tots els llocs tret d&#8217;aquells en qu\u00e8 es confi\u00ef.<\/p>\t\t\t\t\t\t\t\t<\/div>\n\t\t\t\t\t<\/div>\n\t\t<\/div>\n\t\t\t\t\t<\/div>\n\t\t<\/section>\n\t\t\t\t<\/div>\n\t\t","protected":false},"excerpt":{"rendered":"<p>Termes de servei Capa 1 \u2013 CONSENTIMENT COOKIES (AV\u00cdS EMERGENT) Instruccions per Configurar l&#8217;Av\u00eds Emergent de Cookies 1. Sol\u00b7licitud de Consentiment Previ Configuri el sistema de cookies de manera que no es guardin cookies al navegador de l&#8217;usuari fins que aquest atorgui un consentiment clar i afirmatiu mitjan\u00e7ant una acci\u00f3 espec\u00edfica (per exemple, fer clic [&hellip;]<\/p>\n","protected":false},"author":1,"featured_media":0,"parent":0,"menu_order":0,"comment_status":"closed","ping_status":"closed","template":"","meta":{"_acf_changed":false,"footnotes":""},"class_list":["post-733","page","type-page","status-publish","hentry"],"acf":[],"_links":{"self":[{"href":"https:\/\/marvelstone.cat\/ca\/wp-json\/wp\/v2\/pages\/733","targetHints":{"allow":["GET"]}}],"collection":[{"href":"https:\/\/marvelstone.cat\/ca\/wp-json\/wp\/v2\/pages"}],"about":[{"href":"https:\/\/marvelstone.cat\/ca\/wp-json\/wp\/v2\/types\/page"}],"author":[{"embeddable":true,"href":"https:\/\/marvelstone.cat\/ca\/wp-json\/wp\/v2\/users\/1"}],"replies":[{"embeddable":true,"href":"https:\/\/marvelstone.cat\/ca\/wp-json\/wp\/v2\/comments?post=733"}],"version-history":[{"count":4,"href":"https:\/\/marvelstone.cat\/ca\/wp-json\/wp\/v2\/pages\/733\/revisions"}],"predecessor-version":[{"id":737,"href":"https:\/\/marvelstone.cat\/ca\/wp-json\/wp\/v2\/pages\/733\/revisions\/737"}],"wp:attachment":[{"href":"https:\/\/marvelstone.cat\/ca\/wp-json\/wp\/v2\/media?parent=733"}],"curies":[{"name":"wp","href":"https:\/\/api.w.org\/{rel}","templated":true}]}}